{"id":700,"date":"2020-02-14T10:01:37","date_gmt":"2020-02-14T09:01:37","guid":{"rendered":"https:\/\/www.uptextile.fr\/?page_id=700"},"modified":"2022-06-20T11:32:14","modified_gmt":"2022-06-20T09:32:14","slug":"cgv","status":"publish","type":"page","link":"https:\/\/www.uptextile.fr\/en\/cgv\/","title":{"rendered":"Termes of sales"},"content":{"rendered":"<div data-elementor-type=\"wp-page\" data-elementor-id=\"700\" class=\"elementor elementor-700\" data-elementor-post-type=\"page\">\n\t\t\t\t\t\t<section class=\"elementor-section elementor-top-section elementor-element elementor-element-650b905 elementor-section-boxed elementor-section-height-default elementor-section-height-default\" data-id=\"650b905\" data-element_type=\"section\" data-e-type=\"section\">\n\t\t\t\t\t\t<div class=\"elementor-container elementor-column-gap-default\">\n\t\t\t\t\t<div class=\"elementor-column elementor-col-100 elementor-top-column elementor-element elementor-element-ee8d8ac\" data-id=\"ee8d8ac\" data-element_type=\"column\" data-e-type=\"column\">\n\t\t\t<div class=\"elementor-widget-wrap elementor-element-populated\">\n\t\t\t\t\t\t<div class=\"elementor-element elementor-element-78f101e elementor-widget elementor-widget-text-editor\" data-id=\"78f101e\" data-element_type=\"widget\" data-e-type=\"widget\" data-widget_type=\"text-editor.default\">\n\t\t\t\t<div class=\"elementor-widget-container\">\n\t\t\t\t\t\t\t\t\t<p class=\"p1\">Toute commande implique adh\u00e9sion enti\u00e8re et sans r\u00e9serve de l&rsquo;ACHETEUR aux Conditions G\u00e9n\u00e9rales de vente de UP&rsquo;TEXTILE.<\/p>\n<p class=\"p1\">Les prix et d\u00e9lais indiqu\u00e9s par UP&rsquo;TEXTILE s&rsquo;entendent pour une ex\u00e9cution rigoureusement conforme au libell\u00e9 de la commande. En cas de modification express\u00e9ment accept\u00e9e par UP&rsquo;TEXTILE, les prix et d\u00e9lais initialement pr\u00e9vus pourront \u00eatre revus.&nbsp;<\/p>\n<p class=\"p1\">Les quantit\u00e9s command\u00e9es sont sujettes \u00e0 une tol\u00e9rance de plus ou moins 15%. Dans l&rsquo;appr\u00e9ciation de la qualit\u00e9 et des sp\u00e9cifications, les tol\u00e9rances d&rsquo;usage dans le pays d&rsquo;origine sont admises.&nbsp;<\/p>\n<p class=\"p1\">Nos prix s&rsquo;entendent hors frais de transport. Toutes augmentations, survenues apr\u00e8s la date de commande, de quelques natures que ce soit, sont \u00e0 la charge de l&rsquo;ACHETEUR. En cas de vente d\u00e9douan\u00e9e, les frais de d\u00e9douanement et les augmentations \u00e9ventuelles sont \u00e0 la charge de l&rsquo;ACHETEUR.&nbsp;<\/p>\n<p class=\"p1\">UP&rsquo;TEXTILE est autoris\u00e9e \u00e0 des livraisons de fa\u00e7on globale ou partielle. Les d\u00e9passements de d\u00e9lais de livraison ne peuvent donner lieu \u00e0 dommages et int\u00e9r\u00eats, \u00e0 retenue ou \u00e0 annulation des commandes en cours.&nbsp;<\/p>\n<p class=\"p1\">Les d\u00e9lais de livraisons sont donn\u00e9s \u00e0 titre informatif et au plus pr\u00e9cis. La date d&rsquo;enl\u00e8vement sera communiqu\u00e9e par UP&rsquo;TEXTILE le plus t\u00f4t possible en fonction des disponibilit\u00e9s et dans l&rsquo;ordre d&rsquo;arriv\u00e9e des commandes.&nbsp;<\/p>\n<p class=\"p1\">En toute hypoth\u00e8se, la livraison dans les d\u00e9lais ne peut intervenir que si l&rsquo;acheteur est \u00e0 jour de ses obligations envers UP&rsquo;TEXTILE quelle qu&rsquo;en soit la cause.&nbsp;<\/p>\n<p class=\"p1\">Avant de pouvoir pr\u00e9senter une r\u00e9clamation, l&rsquo;acheteur doit avoir r\u00e9gl\u00e9 le prix selon le mode convenu. Aucune r\u00e9clamation, quel qu&rsquo;en soit l&rsquo;objet, ne sera recevable apr\u00e8s l&rsquo;expiration d&rsquo;un d\u00e9lai de 8 jours apr\u00e8s la r\u00e9ception de la marchandise par l&rsquo;ACHETEUR ou par un tiers pour son compte. Elle doit \u00eatre exprim\u00e9e par mail et confirm\u00e9e par lettre recommand\u00e9e dans ce d\u00e9lai. Toute r\u00e9clamation sera \u00e9galement irrecevable en cas de disposition ou d&rsquo;utilisation m\u00eame partielle de la marchandise par l&rsquo;ACHETEUR.&nbsp;<\/p>\n<p class=\"p1\">En cas d&rsquo;apparition d&rsquo;un d\u00e9faut non d\u00e9cel\u00e9 \u00e0 une premi\u00e8re visite, l&rsquo;ACHETEUR ou le tiers substitu\u00e9 s&rsquo;interdit toute transformation de la marchandise et devra en aviser UP&rsquo;TEXTILE dans le d\u00e9lai de 8 jours. Il appartiendra \u00e0 l&rsquo;ACHETEUR de fournir toute justification quant \u00e0 la r\u00e9alit\u00e9 des vices ou anomalies constat\u00e9s. Il devra laisser \u00e0 UP&rsquo;TEXTILE toute facilit\u00e9 pour proc\u00e9der \u00e0 la constatation de ces vices et pour y porter rem\u00e8de. L&rsquo;ACHETEUR s&rsquo;abstiendra d&rsquo;intervenir ou de faire intervenir un tiers \u00e0 cette fin.&nbsp;<\/p>\n<p class=\"p1\">Tout retour de marchandises doit faire l&rsquo;objet d&rsquo;un accord formel entre UP&rsquo;TEXTILE et l&rsquo;ACHETEUR. Toute marchandise retourn\u00e9e sans cet accord serait tenue \u00e0 la disposition de l&rsquo;ACHETEUR et ne donnerait pas lieu \u00e0 l&rsquo;\u00e9tablissement d&rsquo;un avoir. Les frais et les risques du retour sont toujours \u00e0 la charge de l&rsquo;ACHETEUR.<\/p>\n<p class=\"p1\">Dans le cas o\u00f9 le support mis \u00e0 disposition par l&rsquo;ACHETEUR subirait des dommages du fait de la manutention (alt\u00e9r\u00e9es plus fortement que le proc\u00e9d\u00e9 de manutention ne le justifie), le montant du remboursement du support \u00e9ventuellement abandonn\u00e9 \u00e0 UP&rsquo;TEXTILE ne pourra \u00eatre sup\u00e9rieur \u00e0 la valeur du support, dans l&rsquo;\u00e9tat o\u00f9 il a \u00e9t\u00e9 remis et au cours du jour de la remise.&nbsp;<\/p><p class=\"p1\">UP&rsquo;TEXTILE d\u00e9cline toute responsabilit\u00e9 :&nbsp;<\/p><p class=\"p1\">&#8211; Pour les dommages, pertes et vols survenant en cours de transport, quels que soient le mode de transport et le mode de paiement de ce transport.<\/p><p class=\"p1\">&#8211; Pour les d\u00e9fauts de fabrication, moisissures, t\u00e2ches de rouille, d&rsquo;huile, de corps gras &#8230; provenant de la fabrication du support mis \u00e0 disposition par l&rsquo;ACHETEUR ou de son transport.&nbsp;<\/p><p class=\"p1\">&#8211; Pour les d\u00e9g\u00e2ts caus\u00e9s par des corps \u00e9trangers renferm\u00e9s dans le support remis \u00e0 traiter par l&rsquo;ACHETEUR.<\/p><p class=\"p1\">&#8211; Pour les supports qui auraient s\u00e9journ\u00e9 plus de 6 mois dans des entrep\u00f4ts ou les produits finis qui auraient s\u00e9journ\u00e9 dans les magasins d&rsquo;usine, du fait de l&rsquo;ACHETEUR.<\/p><p class=\"p1\">&#8211; En g\u00e9n\u00e9ral pour tous les cas de force majeure tels que : gr\u00e8ves, inondations, \u00e9meutes, r\u00e9volutions, guerres et leurs cons\u00e9quences.&nbsp;<\/p><p class=\"p1\">Lorsque l&rsquo;assurance-cr\u00e9dit de l&rsquo;ACHETEUR n&rsquo;est pas ou n&rsquo;est plus d&rsquo;un montant suffisant, UP&rsquo;TEXTILE se r\u00e9serve le droit, m\u00eame apr\u00e8s exp\u00e9dition partielle ou totale de la commande, d&rsquo;exiger \u00e0 l&rsquo;ACHETEUR les garanties qu&rsquo;il jugera convenable en vue de la bonne ex\u00e9cution des engagements pris.&nbsp;<\/p><p class=\"p1\">UP&rsquo;TEXTILE conserve la propri\u00e9t\u00e9 des biens vendus jusqu&rsquo;au paiement effectif de l&rsquo;int\u00e9gralit\u00e9 du prix en principal et accessoires. Le d\u00e9faut de paiement de l&rsquo;une quelconque des \u00e9ch\u00e9ances peut entra\u00eener la revendication des biens.&nbsp;<\/p><p class=\"p1\">Toutes sommes non pay\u00e9es \u00e0 l&rsquo;\u00e9ch\u00e9ance portent, de plein droit int\u00e9r\u00eat au taux de trois fois le taux de base bancaire.&nbsp;<\/p><p class=\"p1\">Sera seul comp\u00e9tent, en cas de litige de toute nature ou de contestation relative \u00e0 la formation ou \u00e0 l&rsquo;ex\u00e9cution, de la commande le TRIBUNAL DE COMMERCE D&rsquo;EPINAL.&nbsp;<\/p>\n<p><\/p>\t\t\t\t\t\t\t\t<\/div>\n\t\t\t\t<\/div>\n\t\t\t\t\t<\/div>\n\t\t<\/div>\n\t\t\t\t\t<\/div>\n\t\t<\/section>\n\t\t\t\t<\/div>","protected":false},"excerpt":{"rendered":"<p>Toute commande implique adh\u00e9sion enti\u00e8re et sans r\u00e9serve de l&rsquo;ACHETEUR aux Conditions G\u00e9n\u00e9rales de vente de UP&rsquo;TEXTILE. Les prix et d\u00e9lais indiqu\u00e9s par UP&rsquo;TEXTILE s&rsquo;entendent pour une ex\u00e9cution rigoureusement conforme au libell\u00e9 de la commande. En cas de modification express\u00e9ment accept\u00e9e par UP&rsquo;TEXTILE, les prix et d\u00e9lais initialement pr\u00e9vus pourront \u00eatre revus.&nbsp; Les quantit\u00e9s command\u00e9es [&hellip;]<\/p>\n","protected":false},"author":1,"featured_media":0,"parent":0,"menu_order":0,"comment_status":"closed","ping_status":"closed","template":"elementor_header_footer","meta":{"_monsterinsights_skip_tracking":false,"_monsterinsights_sitenote_active":false,"_monsterinsights_sitenote_note":"","_monsterinsights_sitenote_category":0,"footnotes":""},"class_list":["post-700","page","type-page","status-publish","hentry"],"yoast_head":"<!-- This site is optimized with the Yoast SEO plugin v27.4 - https:\/\/yoast.com\/product\/yoast-seo-wordpress\/ -->\n<title>Conditions g\u00e9n\u00e9rales de vente - UpTextile<\/title>\n<meta name=\"description\" content=\"Toute commande implique adh\u00e9sion enti\u00e8re et sans r\u00e9serve de l&#039;acheteur aux Conditions G\u00e9n\u00e9rales (CGV) de vente de UP&#039;Textile.\" \/>\n<meta name=\"robots\" content=\"index, follow, max-snippet:-1, max-image-preview:large, max-video-preview:-1\" \/>\n<link rel=\"canonical\" href=\"https:\/\/www.uptextile.fr\/en\/cgv\/\" \/>\n<meta property=\"og:locale\" content=\"en_GB\" \/>\n<meta property=\"og:type\" content=\"article\" \/>\n<meta property=\"og:title\" content=\"Conditions g\u00e9n\u00e9rales de vente - UpTextile\" \/>\n<meta property=\"og:description\" content=\"Toute commande implique adh\u00e9sion enti\u00e8re et sans r\u00e9serve de l&#039;acheteur aux Conditions G\u00e9n\u00e9rales (CGV) de vente de UP&#039;Textile.\" \/>\n<meta property=\"og:url\" content=\"https:\/\/www.uptextile.fr\/en\/cgv\/\" \/>\n<meta property=\"og:site_name\" content=\"UpTextile\" \/>\n<meta property=\"article:modified_time\" content=\"2022-06-20T09:32:14+00:00\" \/>\n<meta name=\"twitter:card\" content=\"summary_large_image\" \/>\n<meta name=\"twitter:label1\" content=\"Estimated reading time\" \/>\n\t<meta name=\"twitter:data1\" content=\"4 minutes\" \/>\n<script type=\"application\/ld+json\" class=\"yoast-schema-graph\">{\"@context\":\"https:\\\/\\\/schema.org\",\"@graph\":[{\"@type\":\"WebPage\",\"@id\":\"https:\\\/\\\/www.uptextile.fr\\\/cgv\\\/\",\"url\":\"https:\\\/\\\/www.uptextile.fr\\\/cgv\\\/\",\"name\":\"Conditions g\u00e9n\u00e9rales de vente - UpTextile\",\"isPartOf\":{\"@id\":\"https:\\\/\\\/www.uptextile.fr\\\/#website\"},\"datePublished\":\"2020-02-14T09:01:37+00:00\",\"dateModified\":\"2022-06-20T09:32:14+00:00\",\"description\":\"Toute commande implique adh\u00e9sion enti\u00e8re et sans r\u00e9serve de l'acheteur aux Conditions G\u00e9n\u00e9rales (CGV) de vente de UP'Textile.\",\"breadcrumb\":{\"@id\":\"https:\\\/\\\/www.uptextile.fr\\\/cgv\\\/#breadcrumb\"},\"inLanguage\":\"en-GB\",\"potentialAction\":[{\"@type\":\"ReadAction\",\"target\":[\"https:\\\/\\\/www.uptextile.fr\\\/cgv\\\/\"]}]},{\"@type\":\"BreadcrumbList\",\"@id\":\"https:\\\/\\\/www.uptextile.fr\\\/cgv\\\/#breadcrumb\",\"itemListElement\":[{\"@type\":\"ListItem\",\"position\":1,\"name\":\"Accueil\",\"item\":\"https:\\\/\\\/www.uptextile.fr\\\/\"},{\"@type\":\"ListItem\",\"position\":2,\"name\":\"Conditions g\u00e9n\u00e9rales de vente\"}]},{\"@type\":\"WebSite\",\"@id\":\"https:\\\/\\\/www.uptextile.fr\\\/#website\",\"url\":\"https:\\\/\\\/www.uptextile.fr\\\/\",\"name\":\"UpTextile\",\"description\":\"L&#039;impression num\u00e9rique \u00e0 votre service\",\"potentialAction\":[{\"@type\":\"SearchAction\",\"target\":{\"@type\":\"EntryPoint\",\"urlTemplate\":\"https:\\\/\\\/www.uptextile.fr\\\/?s={search_term_string}\"},\"query-input\":{\"@type\":\"PropertyValueSpecification\",\"valueRequired\":true,\"valueName\":\"search_term_string\"}}],\"inLanguage\":\"en-GB\"}]}<\/script>\n<!-- \/ Yoast SEO plugin. -->","yoast_head_json":{"title":"Conditions g\u00e9n\u00e9rales de vente - UpTextile","description":"Toute commande implique adh\u00e9sion enti\u00e8re et sans r\u00e9serve de l'acheteur aux Conditions G\u00e9n\u00e9rales (CGV) de vente de UP'Textile.","robots":{"index":"index","follow":"follow","max-snippet":"max-snippet:-1","max-image-preview":"max-image-preview:large","max-video-preview":"max-video-preview:-1"},"canonical":"https:\/\/www.uptextile.fr\/en\/cgv\/","og_locale":"en_GB","og_type":"article","og_title":"Conditions g\u00e9n\u00e9rales de vente - UpTextile","og_description":"Toute commande implique adh\u00e9sion enti\u00e8re et sans r\u00e9serve de l'acheteur aux Conditions G\u00e9n\u00e9rales (CGV) de vente de UP'Textile.","og_url":"https:\/\/www.uptextile.fr\/en\/cgv\/","og_site_name":"UpTextile","article_modified_time":"2022-06-20T09:32:14+00:00","twitter_card":"summary_large_image","twitter_misc":{"Estimated reading time":"4 minutes"},"schema":{"@context":"https:\/\/schema.org","@graph":[{"@type":"WebPage","@id":"https:\/\/www.uptextile.fr\/cgv\/","url":"https:\/\/www.uptextile.fr\/cgv\/","name":"Conditions g\u00e9n\u00e9rales de vente - UpTextile","isPartOf":{"@id":"https:\/\/www.uptextile.fr\/#website"},"datePublished":"2020-02-14T09:01:37+00:00","dateModified":"2022-06-20T09:32:14+00:00","description":"Toute commande implique adh\u00e9sion enti\u00e8re et sans r\u00e9serve de l'acheteur aux Conditions G\u00e9n\u00e9rales (CGV) de vente de UP'Textile.","breadcrumb":{"@id":"https:\/\/www.uptextile.fr\/cgv\/#breadcrumb"},"inLanguage":"en-GB","potentialAction":[{"@type":"ReadAction","target":["https:\/\/www.uptextile.fr\/cgv\/"]}]},{"@type":"BreadcrumbList","@id":"https:\/\/www.uptextile.fr\/cgv\/#breadcrumb","itemListElement":[{"@type":"ListItem","position":1,"name":"Accueil","item":"https:\/\/www.uptextile.fr\/"},{"@type":"ListItem","position":2,"name":"Conditions g\u00e9n\u00e9rales de vente"}]},{"@type":"WebSite","@id":"https:\/\/www.uptextile.fr\/#website","url":"https:\/\/www.uptextile.fr\/","name":"UpTextile","description":"L&#039;impression num\u00e9rique \u00e0 votre service","potentialAction":[{"@type":"SearchAction","target":{"@type":"EntryPoint","urlTemplate":"https:\/\/www.uptextile.fr\/?s={search_term_string}"},"query-input":{"@type":"PropertyValueSpecification","valueRequired":true,"valueName":"search_term_string"}}],"inLanguage":"en-GB"}]}},"_links":{"self":[{"href":"https:\/\/www.uptextile.fr\/en\/wp-json\/wp\/v2\/pages\/700","targetHints":{"allow":["GET"]}}],"collection":[{"href":"https:\/\/www.uptextile.fr\/en\/wp-json\/wp\/v2\/pages"}],"about":[{"href":"https:\/\/www.uptextile.fr\/en\/wp-json\/wp\/v2\/types\/page"}],"author":[{"embeddable":true,"href":"https:\/\/www.uptextile.fr\/en\/wp-json\/wp\/v2\/users\/1"}],"replies":[{"embeddable":true,"href":"https:\/\/www.uptextile.fr\/en\/wp-json\/wp\/v2\/comments?post=700"}],"version-history":[{"count":4,"href":"https:\/\/www.uptextile.fr\/en\/wp-json\/wp\/v2\/pages\/700\/revisions"}],"predecessor-version":[{"id":705,"href":"https:\/\/www.uptextile.fr\/en\/wp-json\/wp\/v2\/pages\/700\/revisions\/705"}],"wp:attachment":[{"href":"https:\/\/www.uptextile.fr\/en\/wp-json\/wp\/v2\/media?parent=700"}],"curies":[{"name":"wp","href":"https:\/\/api.w.org\/{rel}","templated":true}]}}