{"id":3794,"date":"2024-10-04T10:02:24","date_gmt":"2024-10-04T08:02:24","guid":{"rendered":"https:\/\/www.uptextile.fr\/?post_type=product&#038;p=3794"},"modified":"2025-05-24T16:58:21","modified_gmt":"2025-05-24T14:58:21","slug":"bouillotte-seche","status":"publish","type":"product","link":"https:\/\/www.uptextile.fr\/en\/product\/bouillotte-seche\/","title":{"rendered":"Bouillotte s\u00e8che"},"content":{"rendered":"<p>The fabrics are printed before the finished product is made, which allows for durable printing and complete customization of the finished product.<\/p>\n<p>We design custom products, so the sizes, formats and patterns are unlimited!<\/p>","protected":false},"excerpt":{"rendered":"<div class=\"\">\n<div class=\"WordSection1\">\n<div class=\"\">Personnaliser vos bouillottes s\u00e8ches avec vos designs et dessins ou aux couleurs et motifs de votre marque !<\/div>\n<div class=\"\">Quality fabric and printing, for sustainable and eco-responsible products.<\/div>\n<\/div>\n<\/div>","protected":false},"featured_media":3795,"comment_status":"open","ping_status":"closed","template":"","meta":{"_monsterinsights_skip_tracking":false,"_monsterinsights_sitenote_active":false,"_monsterinsights_sitenote_note":"","_monsterinsights_sitenote_category":0},"product_brand":[],"product_cat":[245],"product_tag":[],"class_list":{"0":"post-3794","1":"product","2":"type-product","3":"status-publish","4":"has-post-thumbnail","6":"product_cat-confections-sur-mesure","8":"first","9":"instock","10":"virtual","11":"purchasable","12":"product-type-simple"},"yoast_head":"<!-- This site is optimized with the Yoast SEO plugin v27.3 - https:\/\/yoast.com\/product\/yoast-seo-wordpress\/ -->\n<title>Bouillotte s\u00e8che - UpTextile<\/title>\n<meta name=\"description\" content=\"Personnaliser vos bouillottes s\u00e8ches avec vos motifs, designs et dessins ! Tissu et impression de qualit\u00e9, pour des produits \u00e9co-responsables.\" \/>\n<meta name=\"robots\" content=\"index, follow, max-snippet:-1, max-image-preview:large, max-video-preview:-1\" \/>\n<link rel=\"canonical\" href=\"https:\/\/www.uptextile.fr\/en\/product\/bouillotte-seche\/\" \/>\n<meta property=\"og:locale\" content=\"en_GB\" \/>\n<meta property=\"og:type\" content=\"article\" \/>\n<meta property=\"og:title\" content=\"Bouillotte s\u00e8che - UpTextile\" \/>\n<meta property=\"og:description\" content=\"Personnaliser vos bouillottes s\u00e8ches avec vos motifs, designs et dessins ! Tissu et impression de qualit\u00e9, pour des produits \u00e9co-responsables.\" \/>\n<meta property=\"og:url\" content=\"https:\/\/www.uptextile.fr\/en\/product\/bouillotte-seche\/\" \/>\n<meta property=\"og:site_name\" content=\"UpTextile\" \/>\n<meta property=\"article:modified_time\" content=\"2025-05-24T14:58:21+00:00\" \/>\n<meta property=\"og:image\" content=\"https:\/\/www.uptextile.fr\/wp-content\/uploads\/2024\/10\/6.png\" \/>\n\t<meta property=\"og:image:width\" content=\"1080\" \/>\n\t<meta property=\"og:image:height\" content=\"1080\" \/>\n\t<meta property=\"og:image:type\" content=\"image\/png\" \/>\n<meta name=\"twitter:card\" content=\"summary_large_image\" \/>\n<meta name=\"twitter:label1\" content=\"Estimated reading time\" \/>\n\t<meta name=\"twitter:data1\" content=\"1 minute\" \/>\n<script type=\"application\/ld+json\" class=\"yoast-schema-graph\">{\"@context\":\"https:\\\/\\\/schema.org\",\"@graph\":[{\"@type\":\"WebPage\",\"@id\":\"https:\\\/\\\/www.uptextile.fr\\\/product\\\/bouillotte-seche\\\/\",\"url\":\"https:\\\/\\\/www.uptextile.fr\\\/product\\\/bouillotte-seche\\\/\",\"name\":\"Bouillotte s\u00e8che - UpTextile\",\"isPartOf\":{\"@id\":\"https:\\\/\\\/www.uptextile.fr\\\/#website\"},\"primaryImageOfPage\":{\"@id\":\"https:\\\/\\\/www.uptextile.fr\\\/product\\\/bouillotte-seche\\\/#primaryimage\"},\"image\":{\"@id\":\"https:\\\/\\\/www.uptextile.fr\\\/product\\\/bouillotte-seche\\\/#primaryimage\"},\"thumbnailUrl\":\"https:\\\/\\\/www.uptextile.fr\\\/wp-content\\\/uploads\\\/2024\\\/10\\\/6.png\",\"datePublished\":\"2024-10-04T08:02:24+00:00\",\"dateModified\":\"2025-05-24T14:58:21+00:00\",\"description\":\"Personnaliser vos bouillottes s\u00e8ches avec vos motifs, designs et dessins ! Tissu et impression de qualit\u00e9, pour des produits \u00e9co-responsables.\",\"breadcrumb\":{\"@id\":\"https:\\\/\\\/www.uptextile.fr\\\/product\\\/bouillotte-seche\\\/#breadcrumb\"},\"inLanguage\":\"en-GB\",\"potentialAction\":[{\"@type\":\"ReadAction\",\"target\":[\"https:\\\/\\\/www.uptextile.fr\\\/product\\\/bouillotte-seche\\\/\"]}]},{\"@type\":\"ImageObject\",\"inLanguage\":\"en-GB\",\"@id\":\"https:\\\/\\\/www.uptextile.fr\\\/product\\\/bouillotte-seche\\\/#primaryimage\",\"url\":\"https:\\\/\\\/www.uptextile.fr\\\/wp-content\\\/uploads\\\/2024\\\/10\\\/6.png\",\"contentUrl\":\"https:\\\/\\\/www.uptextile.fr\\\/wp-content\\\/uploads\\\/2024\\\/10\\\/6.png\",\"width\":1080,\"height\":1080,\"caption\":\"Bouillotte s\u00e8che\"},{\"@type\":\"BreadcrumbList\",\"@id\":\"https:\\\/\\\/www.uptextile.fr\\\/product\\\/bouillotte-seche\\\/#breadcrumb\",\"itemListElement\":[{\"@type\":\"ListItem\",\"position\":1,\"name\":\"Accueil\",\"item\":\"https:\\\/\\\/www.uptextile.fr\\\/\"},{\"@type\":\"ListItem\",\"position\":2,\"name\":\"Produits\",\"item\":\"https:\\\/\\\/www.uptextile.fr\\\/shop\\\/\"},{\"@type\":\"ListItem\",\"position\":3,\"name\":\"Bouillotte s\u00e8che\"}]},{\"@type\":\"WebSite\",\"@id\":\"https:\\\/\\\/www.uptextile.fr\\\/#website\",\"url\":\"https:\\\/\\\/www.uptextile.fr\\\/\",\"name\":\"UpTextile\",\"description\":\"L&#039;impression num\u00e9rique \u00e0 votre service\",\"potentialAction\":[{\"@type\":\"SearchAction\",\"target\":{\"@type\":\"EntryPoint\",\"urlTemplate\":\"https:\\\/\\\/www.uptextile.fr\\\/?s={search_term_string}\"},\"query-input\":{\"@type\":\"PropertyValueSpecification\",\"valueRequired\":true,\"valueName\":\"search_term_string\"}}],\"inLanguage\":\"en-GB\"}]}<\/script>\n<!-- \/ Yoast SEO plugin. -->","yoast_head_json":{"title":"Bouillotte s\u00e8che - UpTextile","description":"Personnaliser vos bouillottes s\u00e8ches avec vos motifs, designs et dessins ! Tissu et impression de qualit\u00e9, pour des produits \u00e9co-responsables.","robots":{"index":"index","follow":"follow","max-snippet":"max-snippet:-1","max-image-preview":"max-image-preview:large","max-video-preview":"max-video-preview:-1"},"canonical":"https:\/\/www.uptextile.fr\/en\/product\/bouillotte-seche\/","og_locale":"en_GB","og_type":"article","og_title":"Bouillotte s\u00e8che - UpTextile","og_description":"Personnaliser vos bouillottes s\u00e8ches avec vos motifs, designs et dessins ! Tissu et impression de qualit\u00e9, pour des produits \u00e9co-responsables.","og_url":"https:\/\/www.uptextile.fr\/en\/product\/bouillotte-seche\/","og_site_name":"UpTextile","article_modified_time":"2025-05-24T14:58:21+00:00","og_image":[{"width":1080,"height":1080,"url":"https:\/\/www.uptextile.fr\/wp-content\/uploads\/2024\/10\/6.png","type":"image\/png"}],"twitter_card":"summary_large_image","twitter_misc":{"Estimated reading time":"1 minute"},"schema":{"@context":"https:\/\/schema.org","@graph":[{"@type":"WebPage","@id":"https:\/\/www.uptextile.fr\/product\/bouillotte-seche\/","url":"https:\/\/www.uptextile.fr\/product\/bouillotte-seche\/","name":"Bouillotte s\u00e8che - UpTextile","isPartOf":{"@id":"https:\/\/www.uptextile.fr\/#website"},"primaryImageOfPage":{"@id":"https:\/\/www.uptextile.fr\/product\/bouillotte-seche\/#primaryimage"},"image":{"@id":"https:\/\/www.uptextile.fr\/product\/bouillotte-seche\/#primaryimage"},"thumbnailUrl":"https:\/\/www.uptextile.fr\/wp-content\/uploads\/2024\/10\/6.png","datePublished":"2024-10-04T08:02:24+00:00","dateModified":"2025-05-24T14:58:21+00:00","description":"Personnaliser vos bouillottes s\u00e8ches avec vos motifs, designs et dessins ! Tissu et impression de qualit\u00e9, pour des produits \u00e9co-responsables.","breadcrumb":{"@id":"https:\/\/www.uptextile.fr\/product\/bouillotte-seche\/#breadcrumb"},"inLanguage":"en-GB","potentialAction":[{"@type":"ReadAction","target":["https:\/\/www.uptextile.fr\/product\/bouillotte-seche\/"]}]},{"@type":"ImageObject","inLanguage":"en-GB","@id":"https:\/\/www.uptextile.fr\/product\/bouillotte-seche\/#primaryimage","url":"https:\/\/www.uptextile.fr\/wp-content\/uploads\/2024\/10\/6.png","contentUrl":"https:\/\/www.uptextile.fr\/wp-content\/uploads\/2024\/10\/6.png","width":1080,"height":1080,"caption":"Bouillotte s\u00e8che"},{"@type":"BreadcrumbList","@id":"https:\/\/www.uptextile.fr\/product\/bouillotte-seche\/#breadcrumb","itemListElement":[{"@type":"ListItem","position":1,"name":"Accueil","item":"https:\/\/www.uptextile.fr\/"},{"@type":"ListItem","position":2,"name":"Produits","item":"https:\/\/www.uptextile.fr\/shop\/"},{"@type":"ListItem","position":3,"name":"Bouillotte s\u00e8che"}]},{"@type":"WebSite","@id":"https:\/\/www.uptextile.fr\/#website","url":"https:\/\/www.uptextile.fr\/","name":"UpTextile","description":"L&#039;impression num\u00e9rique \u00e0 votre service","potentialAction":[{"@type":"SearchAction","target":{"@type":"EntryPoint","urlTemplate":"https:\/\/www.uptextile.fr\/?s={search_term_string}"},"query-input":{"@type":"PropertyValueSpecification","valueRequired":true,"valueName":"search_term_string"}}],"inLanguage":"en-GB"}]}},"_links":{"self":[{"href":"https:\/\/www.uptextile.fr\/en\/wp-json\/wp\/v2\/product\/3794","targetHints":{"allow":["GET"]}}],"collection":[{"href":"https:\/\/www.uptextile.fr\/en\/wp-json\/wp\/v2\/product"}],"about":[{"href":"https:\/\/www.uptextile.fr\/en\/wp-json\/wp\/v2\/types\/product"}],"replies":[{"embeddable":true,"href":"https:\/\/www.uptextile.fr\/en\/wp-json\/wp\/v2\/comments?post=3794"}],"wp:featuredmedia":[{"embeddable":true,"href":"https:\/\/www.uptextile.fr\/en\/wp-json\/wp\/v2\/media\/3795"}],"wp:attachment":[{"href":"https:\/\/www.uptextile.fr\/en\/wp-json\/wp\/v2\/media?parent=3794"}],"wp:term":[{"taxonomy":"product_brand","embeddable":true,"href":"https:\/\/www.uptextile.fr\/en\/wp-json\/wp\/v2\/product_brand?post=3794"},{"taxonomy":"product_cat","embeddable":true,"href":"https:\/\/www.uptextile.fr\/en\/wp-json\/wp\/v2\/product_cat?post=3794"},{"taxonomy":"product_tag","embeddable":true,"href":"https:\/\/www.uptextile.fr\/en\/wp-json\/wp\/v2\/product_tag?post=3794"}],"curies":[{"name":"wp","href":"https:\/\/api.w.org\/{rel}","templated":true}]}}